{"id":4818,"date":"2023-01-03T18:55:13","date_gmt":"2023-01-03T18:55:13","guid":{"rendered":"https:\/\/boltac2.interdijital.com\/?page_id=4818"},"modified":"2023-01-23T11:05:20","modified_gmt":"2023-01-23T11:05:20","slug":"hikayemiz","status":"publish","type":"page","link":"https:\/\/boltac.com.tr\/en\/tr\/hikayemiz\/","title":{"rendered":"Hikayemiz"},"content":{"rendered":"\t\t<div data-elementor-type=\"wp-page\" data-elementor-id=\"4818\" class=\"elementor elementor-4818\" data-elementor-post-type=\"page\">\n\t\t\t\t\t\t<section class=\"elementor-section elementor-top-section elementor-element elementor-element-23960be2 elementor-section-height-min-height elementor-section-boxed elementor-section-height-default elementor-section-items-middle\" data-id=\"23960be2\" data-element_type=\"section\">\n\t\t\t\t\t\t\t<div class=\"elementor-background-overlay\"><\/div>\n\t\t\t\t\t\t\t<div class=\"elementor-container elementor-column-gap-default\">\n\t\t\t\t\t<div class=\"elementor-column elementor-col-100 elementor-top-column elementor-element elementor-element-53316211\" data-id=\"53316211\" data-element_type=\"column\">\n\t\t\t<div class=\"elementor-widget-wrap elementor-element-populated\">\n\t\t\t\t\t\t<section class=\"elementor-section elementor-inner-section elementor-element elementor-element-5b228fe6 elementor-section-boxed elementor-section-height-default elementor-section-height-default\" data-id=\"5b228fe6\" data-element_type=\"section\">\n\t\t\t\t\t\t<div class=\"elementor-container elementor-column-gap-default\">\n\t\t\t\t\t<div class=\"elementor-column elementor-col-100 elementor-inner-column elementor-element elementor-element-1d59251f\" data-id=\"1d59251f\" data-element_type=\"column\">\n\t\t\t<div class=\"elementor-widget-wrap elementor-element-populated\">\n\t\t\t\t\t\t<div class=\"elementor-element elementor-element-3657b1dc elementor-widget elementor-widget-heading\" data-id=\"3657b1dc\" data-element_type=\"widget\" data-widget_type=\"heading.default\">\n\t\t\t\t<div class=\"elementor-widget-container\">\n\t\t\t<h3 class=\"elementor-heading-title elementor-size-default\">H\u0130KAYEM\u0130Z<\/h3>\t\t<\/div>\n\t\t\t\t<\/div>\n\t\t\t\t<div class=\"elementor-element elementor-element-0e67226 elementor-widget elementor-widget-heading\" data-id=\"0e67226\" data-element_type=\"widget\" data-widget_type=\"heading.default\">\n\t\t\t\t<div class=\"elementor-widget-container\">\n\t\t\t<h3 class=\"elementor-heading-title elementor-size-default\">1928\u2019den Bug\u00fcne!<\/h3>\t\t<\/div>\n\t\t\t\t<\/div>\n\t\t\t\t\t<\/div>\n\t\t<\/div>\n\t\t\t\t\t<\/div>\n\t\t<\/section>\n\t\t\t\t<section class=\"elementor-section elementor-inner-section elementor-element elementor-element-61ce4ec1 elementor-section-boxed elementor-section-height-default elementor-section-height-default\" data-id=\"61ce4ec1\" data-element_type=\"section\">\n\t\t\t\t\t\t<div class=\"elementor-container elementor-column-gap-default\">\n\t\t\t\t\t<div class=\"elementor-column elementor-col-50 elementor-inner-column elementor-element elementor-element-61bbaa03\" data-id=\"61bbaa03\" data-element_type=\"column\">\n\t\t\t<div class=\"elementor-widget-wrap elementor-element-populated\">\n\t\t\t\t\t\t<div class=\"elementor-element elementor-element-2276761d elementor-widget elementor-widget-image\" data-id=\"2276761d\" data-element_type=\"widget\" data-widget_type=\"image.default\">\n\t\t\t\t<div class=\"elementor-widget-container\">\n\t\t\t\t\t\t\t\t\t\t\t\t\t<img fetchpriority=\"high\" decoding=\"async\" width=\"561\" height=\"374\" src=\"https:\/\/boltac.com.tr\/en\/wp-content\/uploads\/2023\/01\/olives-on-olive-tree-561x374.jpg\" class=\"elementor-animation-hang attachment-large size-large wp-image-4820\" alt=\"\" \/>\t\t\t\t\t\t\t\t\t\t\t\t\t<\/div>\n\t\t\t\t<\/div>\n\t\t\t\t\t<\/div>\n\t\t<\/div>\n\t\t\t\t<div class=\"elementor-column elementor-col-50 elementor-inner-column elementor-element elementor-element-63c91b40\" data-id=\"63c91b40\" data-element_type=\"column\" data-settings=\"{&quot;background_background&quot;:&quot;classic&quot;}\">\n\t\t\t<div class=\"elementor-widget-wrap elementor-element-populated\">\n\t\t\t\t\t\t<div class=\"elementor-element elementor-element-567a309e elementor-widget elementor-widget-text-editor\" data-id=\"567a309e\" data-element_type=\"widget\" data-widget_type=\"text-editor.default\">\n\t\t\t\t<div class=\"elementor-widget-container\">\n\t\t\t\t\t\t\t<p><img decoding=\"async\" class=\"size-full wp-image-5661 alignright\" src=\"https:\/\/boltac.com.tr\/en\/wp-content\/uploads\/2023\/01\/Politali.jpg\" alt=\"\" width=\"153\" height=\"206\" \/>1924\u2019te Girit Adas\u0131ndan m\u00fcbadele ile Mersin\u2019e gelen zeytinya\u011fc\u0131 bir ailenin \u00f6yk\u00fcs\u00fcd\u00fcr bu. Ku\u015faklar boyu Girit Adas\u0131\u2019nda zeytinya\u011f\u0131 \u00fcretimi yapan aile b\u00fcy\u00fcklerinden Politali (\u0130stanbullu Ali) anayurda yerle\u015ftikten sonra bakm\u0131\u015f ki \u00e7evrede zeytinya\u011f\u0131n\u0131 bilen yok fakat her yer yabani zeytin a\u011fa\u00e7lar\u0131yla dolu.<\/p>\t\t\t\t\t\t<\/div>\n\t\t\t\t<\/div>\n\t\t\t\t\t<\/div>\n\t\t<\/div>\n\t\t\t\t\t<\/div>\n\t\t<\/section>\n\t\t\t\t<section class=\"elementor-section elementor-inner-section elementor-element elementor-element-440e39e0 elementor-reverse-mobile elementor-section-boxed elementor-section-height-default elementor-section-height-default\" data-id=\"440e39e0\" data-element_type=\"section\">\n\t\t\t\t\t\t<div class=\"elementor-container elementor-column-gap-default\">\n\t\t\t\t\t<div class=\"elementor-column elementor-col-50 elementor-inner-column elementor-element elementor-element-255ca614\" data-id=\"255ca614\" data-element_type=\"column\" data-settings=\"{&quot;background_background&quot;:&quot;classic&quot;}\">\n\t\t\t<div class=\"elementor-widget-wrap elementor-element-populated\">\n\t\t\t\t\t\t<div class=\"elementor-element elementor-element-523707f5 elementor-widget elementor-widget-text-editor\" data-id=\"523707f5\" data-element_type=\"widget\" data-widget_type=\"text-editor.default\">\n\t\t\t\t<div class=\"elementor-widget-container\">\n\t\t\t\t\t\t\t<p><img decoding=\"async\" class=\"size-full wp-image-5662 alignleft\" src=\"https:\/\/boltac.com.tr\/en\/wp-content\/uploads\/2023\/01\/Sadik-Aga.jpg\" alt=\"\" width=\"150\" height=\"206\" \/>\u00c7evre zeytin dolu ve Politali&#8217;nin o\u011flu Sad\u0131k A\u011fa ise zeytin a\u011fac\u0131n\u0131 a\u015f\u0131lamada tek. Sad\u0131k A\u011fa, k\u00f6y k\u00f6y dola\u015f\u0131p Girit&#8217;ten getirdi\u011fi kalem a\u015f\u0131larla a\u011fa\u00e7lar\u0131 a\u015f\u0131lamaya ba\u015flar. Yaman adamd\u0131r Sad\u0131k A\u011fa! 1928&#8217;de K\u00f6sebalc\u0131 K\u00f6y\u00fc yak\u0131nlar\u0131ndan b\u00fcy\u00fck ta\u015flar \u00e7\u0131kart\u0131r ve ailenin tek bildi\u011fi i\u015f olan zeytinya\u011f\u0131 \u00fcretimi i\u00e7in kendi elleriyle gece g\u00fcnd\u00fcz demeden de\u011firmen ta\u015flar\u0131 yontar. Zeytini ezmek i\u00e7in atla \u00e7evrilen 4 ta\u015fl\u0131 bir de\u011firmen yaparken, \u0130zmir&#8217;den de zeytini s\u0131kmak i\u00e7in asma makaral\u0131 bir mengene getirtir. 1928 y\u0131l\u0131nda, 40 m2&#8217;lik\u00a0 bir alanda ailemizin ve di\u011fer Giritlilerin zeytinya\u011f\u0131 ihtiyac\u0131n\u0131 kar\u015f\u0131lamak \u00fczere yeniden zeytinya\u011f\u0131 \u00fcretimine ba\u015flar baba o\u011ful. Derken, Y\u00f6r\u00fck k\u00f6kenli yerli halk da zeytinya\u011f\u0131na al\u0131\u015f\u0131r ve i\u015f b\u00fcy\u00fcr.<\/p>\t\t\t\t\t\t<\/div>\n\t\t\t\t<\/div>\n\t\t\t\t\t<\/div>\n\t\t<\/div>\n\t\t\t\t<div class=\"elementor-column elementor-col-50 elementor-inner-column elementor-element elementor-element-1eea78c5\" data-id=\"1eea78c5\" data-element_type=\"column\">\n\t\t\t<div class=\"elementor-widget-wrap elementor-element-populated\">\n\t\t\t\t\t\t<div class=\"elementor-element elementor-element-205c115b elementor-widget elementor-widget-image\" data-id=\"205c115b\" data-element_type=\"widget\" data-widget_type=\"image.default\">\n\t\t\t\t<div class=\"elementor-widget-container\">\n\t\t\t\t\t\t\t\t\t\t\t\t\t<img loading=\"lazy\" decoding=\"async\" width=\"561\" height=\"374\" src=\"https:\/\/boltac.com.tr\/en\/wp-content\/uploads\/2023\/01\/olive-oil-and-olives-561x374.jpg\" class=\"elementor-animation-hang attachment-large size-large wp-image-4821\" alt=\"\" \/>\t\t\t\t\t\t\t\t\t\t\t\t\t<\/div>\n\t\t\t\t<\/div>\n\t\t\t\t\t<\/div>\n\t\t<\/div>\n\t\t\t\t\t<\/div>\n\t\t<\/section>\n\t\t\t\t<section class=\"elementor-section elementor-inner-section elementor-element elementor-element-5001abd3 elementor-section-boxed elementor-section-height-default elementor-section-height-default\" data-id=\"5001abd3\" data-element_type=\"section\">\n\t\t\t\t\t\t<div class=\"elementor-container elementor-column-gap-default\">\n\t\t\t\t\t<div class=\"elementor-column elementor-col-50 elementor-inner-column elementor-element elementor-element-10f11b\" data-id=\"10f11b\" data-element_type=\"column\">\n\t\t\t<div class=\"elementor-widget-wrap elementor-element-populated\">\n\t\t\t\t\t\t<div class=\"elementor-element elementor-element-3904b3a0 elementor-widget elementor-widget-image\" data-id=\"3904b3a0\" data-element_type=\"widget\" data-widget_type=\"image.default\">\n\t\t\t\t<div class=\"elementor-widget-container\">\n\t\t\t\t\t\t\t\t\t\t\t\t\t<img loading=\"lazy\" decoding=\"async\" width=\"2000\" height=\"1333\" src=\"https:\/\/boltac.com.tr\/en\/wp-content\/uploads\/2023\/01\/olive-oil-and-olives-in-bowls.jpg\" class=\"elementor-animation-hang attachment-full size-full wp-image-4822\" alt=\"\" \/>\t\t\t\t\t\t\t\t\t\t\t\t\t<\/div>\n\t\t\t\t<\/div>\n\t\t\t\t\t<\/div>\n\t\t<\/div>\n\t\t\t\t<div class=\"elementor-column elementor-col-50 elementor-inner-column elementor-element elementor-element-442dd739\" data-id=\"442dd739\" data-element_type=\"column\" data-settings=\"{&quot;background_background&quot;:&quot;classic&quot;}\">\n\t\t\t<div class=\"elementor-widget-wrap elementor-element-populated\">\n\t\t\t\t\t\t<div class=\"elementor-element elementor-element-20690956 elementor-widget elementor-widget-text-editor\" data-id=\"20690956\" data-element_type=\"widget\" data-widget_type=\"text-editor.default\">\n\t\t\t\t<div class=\"elementor-widget-container\">\n\t\t\t\t\t\t\t<p><img loading=\"lazy\" decoding=\"async\" class=\"size-full wp-image-5660 alignright\" src=\"https:\/\/boltac.com.tr\/en\/wp-content\/uploads\/2023\/01\/Ali-Boltac.jpg\" alt=\"\" width=\"152\" height=\"206\" \/>Eski usul ya\u011fc\u0131l\u0131k 1955&#8217;e kadar s\u00fcrer. Sad\u0131k A\u011fa&#8217;n\u0131n o\u011flu 3. ku\u015fak Ali Bolta\u00e7 \u00fcretimin ba\u015f\u0131na ge\u00e7ti\u011finde atl\u0131 de\u011firmen ve asma makaral\u0131 mengene d\u00f6nemini kapat\u0131r. \u0130zmir&#8217;den hidrolik pres alarak g\u00fcnl\u00fck kapasitesini 1-2 tondan, 10 tona \u00e7\u0131kart\u0131r. 1981&#8217;de ise ikinci makinas\u0131n\u0131 alarak \u00fcretim kapasitesini 20-25 tona ula\u015ft\u0131r\u0131r.<\/p>\t\t\t\t\t\t<\/div>\n\t\t\t\t<\/div>\n\t\t\t\t\t<\/div>\n\t\t<\/div>\n\t\t\t\t\t<\/div>\n\t\t<\/section>\n\t\t\t\t<section class=\"elementor-section elementor-inner-section elementor-element elementor-element-73deaedc elementor-reverse-mobile elementor-section-boxed elementor-section-height-default elementor-section-height-default\" data-id=\"73deaedc\" data-element_type=\"section\">\n\t\t\t\t\t\t<div class=\"elementor-container elementor-column-gap-default\">\n\t\t\t\t\t<div class=\"elementor-column elementor-col-50 elementor-inner-column elementor-element elementor-element-239a0d98\" data-id=\"239a0d98\" data-element_type=\"column\" data-settings=\"{&quot;background_background&quot;:&quot;classic&quot;}\">\n\t\t\t<div class=\"elementor-widget-wrap elementor-element-populated\">\n\t\t\t\t\t\t<div class=\"elementor-element elementor-element-1da3c9c elementor-widget elementor-widget-text-editor\" data-id=\"1da3c9c\" data-element_type=\"widget\" data-widget_type=\"text-editor.default\">\n\t\t\t\t<div class=\"elementor-widget-container\">\n\t\t\t\t\t\t\t<p><img loading=\"lazy\" decoding=\"async\" class=\"wp-image-5667 size-full alignleft\" src=\"https:\/\/boltac.com.tr\/en\/wp-content\/uploads\/2023\/01\/sadik-boltac-1.jpg\" alt=\"\" width=\"151\" height=\"206\" \/>Derken, 1995&#8217;te Ali Bolta\u00e7&#8217;\u0131n o\u011flu 4. ku\u015fak Sad\u0131k ise i\u015fi geni\u015fletmek i\u00e7in \u201cContinue Integral System\u201d diye adland\u0131r\u0131lan modern \u0130talyan sistemine ge\u00e7er ve ku\u015faklar boyu artan g\u00fcnl\u00fck\u00a0 zeytin i\u015feleme kapasitesini 35-40 tona y\u00fckseltir. Uzun y\u0131llar T\u00fcrkiye\u2019nin b\u00fcy\u00fck firmalar\u0131na zeytinya\u011f\u0131 tedariki yapan aile, 1995 y\u0131l\u0131nda zaten marka olmu\u015f soyadlar\u0131 \u201cBolta\u00e7\u201d i\u00e7in resmi ad\u0131mlar atarak markala\u015fma yolunda ilerler ve perakendecili\u011fe a\u011f\u0131rl\u0131k verirler.<\/p>\t\t\t\t\t\t<\/div>\n\t\t\t\t<\/div>\n\t\t\t\t\t<\/div>\n\t\t<\/div>\n\t\t\t\t<div class=\"elementor-column elementor-col-50 elementor-inner-column elementor-element elementor-element-45bdcea\" data-id=\"45bdcea\" data-element_type=\"column\">\n\t\t\t<div class=\"elementor-widget-wrap elementor-element-populated\">\n\t\t\t\t\t\t<div class=\"elementor-element elementor-element-e24fd60 elementor-widget elementor-widget-image\" data-id=\"e24fd60\" data-element_type=\"widget\" data-widget_type=\"image.default\">\n\t\t\t\t<div class=\"elementor-widget-container\">\n\t\t\t\t\t\t\t\t\t\t\t\t\t<img loading=\"lazy\" decoding=\"async\" width=\"591\" height=\"591\" src=\"https:\/\/boltac.com.tr\/en\/wp-content\/uploads\/2023\/01\/boltac-hikaye-mobil-en-sariulak.jpg\" class=\"elementor-animation-hang attachment-full size-full wp-image-5673\" alt=\"\" \/>\t\t\t\t\t\t\t\t\t\t\t\t\t<\/div>\n\t\t\t\t<\/div>\n\t\t\t\t\t<\/div>\n\t\t<\/div>\n\t\t\t\t\t<\/div>\n\t\t<\/section>\n\t\t\t\t<section class=\"elementor-section elementor-inner-section elementor-element elementor-element-7b0c19bc elementor-section-boxed elementor-section-height-default elementor-section-height-default\" data-id=\"7b0c19bc\" data-element_type=\"section\">\n\t\t\t\t\t\t<div class=\"elementor-container elementor-column-gap-default\">\n\t\t\t\t\t<div class=\"elementor-column elementor-col-50 elementor-inner-column elementor-element elementor-element-3aa70e02\" data-id=\"3aa70e02\" data-element_type=\"column\">\n\t\t\t<div class=\"elementor-widget-wrap elementor-element-populated\">\n\t\t\t\t\t\t<div class=\"elementor-element elementor-element-58d8b844 elementor-widget elementor-widget-image\" data-id=\"58d8b844\" data-element_type=\"widget\" data-widget_type=\"image.default\">\n\t\t\t\t<div class=\"elementor-widget-container\">\n\t\t\t\t\t\t\t\t\t\t\t\t\t<img loading=\"lazy\" decoding=\"async\" width=\"660\" height=\"371\" src=\"https:\/\/boltac.com.tr\/en\/wp-content\/uploads\/2023\/01\/bahce-e1666525637803-665x374.webp\" class=\"elementor-animation-hang attachment-large size-large wp-image-4824\" alt=\"\" \/>\t\t\t\t\t\t\t\t\t\t\t\t\t<\/div>\n\t\t\t\t<\/div>\n\t\t\t\t\t<\/div>\n\t\t<\/div>\n\t\t\t\t<div class=\"elementor-column elementor-col-50 elementor-inner-column elementor-element elementor-element-39599c2e\" data-id=\"39599c2e\" data-element_type=\"column\" data-settings=\"{&quot;background_background&quot;:&quot;classic&quot;}\">\n\t\t\t<div class=\"elementor-widget-wrap elementor-element-populated\">\n\t\t\t\t\t\t<div class=\"elementor-element elementor-element-408ced44 elementor-widget elementor-widget-text-editor\" data-id=\"408ced44\" data-element_type=\"widget\" data-widget_type=\"text-editor.default\">\n\t\t\t\t<div class=\"elementor-widget-container\">\n\t\t\t\t\t\t\t<p>Gelelim 5. ku\u015fak olan Sad\u0131k\u2019\u0131n \u00e7ocuklar\u0131 Deniz ve Ali\u2019ye\u2026 Onlar da ailenin s\u00fcrekli \u00fcretimde kendini yenileme ve s\u00fcrd\u00fcr\u00fcle-bilir arzusu ve misyonuyla 2010 senesinde ikinci tesislerini kurup, bug\u00fcn 2 fabrika 5 \u00fcretim hatt\u0131 ile daha modern ve hijyenik bir ortamda t\u00fcketiciye zeytinya\u011f\u0131n\u0131 sevdirme gururuyla bu aile misyonunu bir sonraki ku\u015faklara devretmek \u00fczere yollar\u0131na devam ederler\u2026<\/p>\t\t\t\t\t\t<\/div>\n\t\t\t\t<\/div>\n\t\t\t\t\t<\/div>\n\t\t<\/div>\n\t\t\t\t\t<\/div>\n\t\t<\/section>\n\t\t\t\t\t<\/div>\n\t\t<\/div>\n\t\t\t\t\t<\/div>\n\t\t<\/section>\n\t\t\t\t<\/div>\n\t\t","protected":false},"excerpt":{"rendered":"<p>H\u0130KAYEM\u0130Z 1928\u2019den Bug\u00fcne! 1924\u2019te Girit Adas\u0131ndan m\u00fcbadele ile Mersin\u2019e gelen zeytinya\u011fc\u0131 bir ailenin \u00f6yk\u00fcs\u00fcd\u00fcr bu. Ku\u015faklar boyu Girit Adas\u0131\u2019nda zeytinya\u011f\u0131 \u00fcretimi yapan aile b\u00fcy\u00fcklerinden Politali (\u0130stanbullu Ali) anayurda yerle\u015ftikten sonra bakm\u0131\u015f ki \u00e7evrede zeytinya\u011f\u0131n\u0131 bilen yok fakat her yer yabani zeytin a\u011fa\u00e7lar\u0131yla dolu. \u00c7evre zeytin dolu ve Politali&#8217;nin o\u011flu Sad\u0131k A\u011fa ise zeytin a\u011fac\u0131n\u0131 a\u015f\u0131lamada &hellip; <a href=\"https:\/\/boltac.com.tr\/en\/tr\/hikayemiz\/\" class=\"more-link\">Continue reading <span class=\"screen-reader-text\">Hikayemiz<\/span><\/a><\/p>\n","protected":false},"author":1,"featured_media":0,"parent":0,"menu_order":0,"comment_status":"closed","ping_status":"closed","template":"elementor_header_footer","meta":{"_joinchat":[],"footnotes":""},"class_list":["post-4818","page","type-page","status-publish","hentry"],"_links":{"self":[{"href":"https:\/\/boltac.com.tr\/en\/wp-json\/wp\/v2\/pages\/4818","targetHints":{"allow":["GET"]}}],"collection":[{"href":"https:\/\/boltac.com.tr\/en\/wp-json\/wp\/v2\/pages"}],"about":[{"href":"https:\/\/boltac.com.tr\/en\/wp-json\/wp\/v2\/types\/page"}],"author":[{"embeddable":true,"href":"https:\/\/boltac.com.tr\/en\/wp-json\/wp\/v2\/users\/1"}],"replies":[{"embeddable":true,"href":"https:\/\/boltac.com.tr\/en\/wp-json\/wp\/v2\/comments?post=4818"}],"version-history":[{"count":0,"href":"https:\/\/boltac.com.tr\/en\/wp-json\/wp\/v2\/pages\/4818\/revisions"}],"wp:attachment":[{"href":"https:\/\/boltac.com.tr\/en\/wp-json\/wp\/v2\/media?parent=4818"}],"curies":[{"name":"wp","href":"https:\/\/api.w.org\/{rel}","templated":true}]}}