{"id":5370,"date":"2023-01-18T14:07:32","date_gmt":"2023-01-18T14:07:32","guid":{"rendered":"https:\/\/boltac2.interdijital.com\/?page_id=5370"},"modified":"2023-11-23T11:14:32","modified_gmt":"2023-11-23T08:14:32","slug":"kurumsal-satis","status":"publish","type":"page","link":"https:\/\/boltac.com.tr\/en\/tr\/kurumsal-satis\/","title":{"rendered":"Kurumsal Sat\u0131\u015f"},"content":{"rendered":"\t\t<div data-elementor-type=\"wp-page\" data-elementor-id=\"5370\" class=\"elementor elementor-5370\" data-elementor-post-type=\"page\">\n\t\t\t\t<div class=\"elementor-element elementor-element-b9d1924 e-flex e-con-boxed e-con e-parent\" data-id=\"b9d1924\" data-element_type=\"container\">\n\t\t\t\t\t<div class=\"e-con-inner\">\n\t\t\t\t<div class=\"elementor-element elementor-element-8dea57f elementor-widget elementor-widget-heading\" data-id=\"8dea57f\" data-element_type=\"widget\" data-widget_type=\"heading.default\">\n\t\t\t\t<div class=\"elementor-widget-container\">\n\t\t\t<h2 class=\"elementor-heading-title elementor-size-default\">Kurumsal Sat\u0131\u015f<\/h2>\t\t<\/div>\n\t\t\t\t<\/div>\n\t\t\t\t<div class=\"elementor-element elementor-element-115046a elementor-widget__width-auto elementor-widget elementor-widget-text-editor\" data-id=\"115046a\" data-element_type=\"widget\" data-widget_type=\"text-editor.default\">\n\t\t\t\t<div class=\"elementor-widget-container\">\n\t\t\t\t\t\t\t<div id=\"comp-kgc4yc4j\" class=\"KcpHeO tz5f0K comp-kgc4yc4j\" data-testid=\"richTextElement\"><p class=\"font_7\">Ekibimiz Bolta\u00e7 markas\u0131 ve sa\u011fl\u0131kl\u0131, uygun fiyatl\u0131, y\u00fcksek kaliteli \u00fcr\u00fcnlerimiz hakk\u0131nda daha fazla bilgi edinmenize yard\u0131mc\u0131 olmaya haz\u0131r ve isteklidir. Herhangi bir sorunuz, yorumunuz veya i\u015fle ilgili sorular\u0131n\u0131z i\u00e7in bize ula\u015fmaktan \u00e7ekinmeyin.<\/p><p>\u00a0<\/p><p class=\"font_7\"><strong>\u0130leti\u015fim<\/strong><\/p><\/div><div id=\"comp-kgc537nl\" class=\"BaOVQ8 tz5f0K comp-kgc537nl\" data-testid=\"richTextElement\"><p><strong>Tel:<\/strong> +90 534 313 8989<\/p><\/div><div id=\"comp-kgc7edig\" class=\"KcpHeO tz5f0K comp-kgc7edig\" data-testid=\"richTextElement\"><p><strong>Email:<\/strong>\u00a0<a href=\"mailto:info@boltac.com.tr\" data-auto-recognition=\"true\">info@boltac.com.tr<\/a><\/p><p>\u00a0<\/p><\/div><div id=\"comp-kgdhpzj1\" class=\"BaOVQ8 tz5f0K comp-kgdhpzj1\" data-testid=\"richTextElement\"><p class=\"font_7\"><strong>\u00d6NEML\u0130<\/strong><\/p><\/div><div id=\"comp-kgc7gkf9\" class=\"BaOVQ8 tz5f0K comp-kgc7gkf9\" data-testid=\"richTextElement\"><p class=\"font_7\">Kurumsal M\u00fc\u015fteri olarak ba\u015fvuru i\u015fleminizin tamamlanabilmesi ve \u00fcyeli\u011finizin onaylanabilmesi i\u00e7in firman\u0131za ait vergi levhas\u0131 kopyas\u0131n\u0131n mutlaka taraf\u0131m\u0131za g\u00f6nderilmesi gerekmektedir.<\/p><p class=\"font_7\">Kurumsal m\u00fc\u015fterilerimiz zeytinya\u011f\u0131 kategorilerinde yer alan \u00fcr\u00fcnlerimizi ilgili\u00a0KDV\u00a0mevzuat\u0131 gere\u011fi\u00a0%1 KDV\u00a0\u00f6deyerek sat\u0131n alabilirler.<\/p><p class=\"font_7\">Bolta\u00e7,\u00a0sat\u0131n al\u0131nan \u00fcr\u00fcnlerin amac\u0131 d\u0131\u015f\u0131nda kullan\u0131m\u0131 tespit etmesi durumunda \u00fcyeli\u011fi iptal etme veya \u00fcr\u00fcn g\u00f6ndermeme hakk\u0131na sahiptir.<\/p><p class=\"font_7\">Kurumsal M\u00fc\u015fterimiz olmak ve daha detayl\u0131 bilgi almak isterseniz bizimle ileti\u015fime ge\u00e7meniz durumunda size hizmet ve destek vermekten b\u00fcy\u00fck memnuniyet duyaca\u011f\u0131z.<\/p><\/div>\t\t\t\t\t\t<\/div>\n\t\t\t\t<\/div>\n\t\t\t\t\t<\/div>\n\t\t\t\t<\/div>\n\t\t\t\t<\/div>\n\t\t","protected":false},"excerpt":{"rendered":"<p>Kurumsal Sat\u0131\u015f Ekibimiz Bolta\u00e7 markas\u0131 ve sa\u011fl\u0131kl\u0131, uygun fiyatl\u0131, y\u00fcksek kaliteli \u00fcr\u00fcnlerimiz hakk\u0131nda daha fazla bilgi edinmenize yard\u0131mc\u0131 olmaya haz\u0131r ve isteklidir. Herhangi bir sorunuz, yorumunuz veya i\u015fle ilgili sorular\u0131n\u0131z i\u00e7in bize ula\u015fmaktan \u00e7ekinmeyin. \u00a0 \u0130leti\u015fim Tel: +90 534 313 8989 Email:\u00a0info@boltac.com.tr \u00a0 \u00d6NEML\u0130 Kurumsal M\u00fc\u015fteri olarak ba\u015fvuru i\u015fleminizin tamamlanabilmesi ve \u00fcyeli\u011finizin onaylanabilmesi i\u00e7in firman\u0131za &hellip; <a href=\"https:\/\/boltac.com.tr\/en\/tr\/kurumsal-satis\/\" class=\"more-link\">Continue reading <span class=\"screen-reader-text\">Kurumsal Sat\u0131\u015f<\/span><\/a><\/p>\n","protected":false},"author":2,"featured_media":0,"parent":0,"menu_order":0,"comment_status":"closed","ping_status":"closed","template":"elementor_header_footer","meta":{"_joinchat":[],"footnotes":""},"class_list":["post-5370","page","type-page","status-publish","hentry"],"_links":{"self":[{"href":"https:\/\/boltac.com.tr\/en\/wp-json\/wp\/v2\/pages\/5370","targetHints":{"allow":["GET"]}}],"collection":[{"href":"https:\/\/boltac.com.tr\/en\/wp-json\/wp\/v2\/pages"}],"about":[{"href":"https:\/\/boltac.com.tr\/en\/wp-json\/wp\/v2\/types\/page"}],"author":[{"embeddable":true,"href":"https:\/\/boltac.com.tr\/en\/wp-json\/wp\/v2\/users\/2"}],"replies":[{"embeddable":true,"href":"https:\/\/boltac.com.tr\/en\/wp-json\/wp\/v2\/comments?post=5370"}],"version-history":[{"count":6,"href":"https:\/\/boltac.com.tr\/en\/wp-json\/wp\/v2\/pages\/5370\/revisions"}],"predecessor-version":[{"id":6073,"href":"https:\/\/boltac.com.tr\/en\/wp-json\/wp\/v2\/pages\/5370\/revisions\/6073"}],"wp:attachment":[{"href":"https:\/\/boltac.com.tr\/en\/wp-json\/wp\/v2\/media?parent=5370"}],"curies":[{"name":"wp","href":"https:\/\/api.w.org\/{rel}","templated":true}]}}