{"id":5542,"date":"2023-01-19T13:18:02","date_gmt":"2023-01-19T13:18:02","guid":{"rendered":"https:\/\/boltac2.interdijital.com\/?page_id=5542"},"modified":"2023-06-06T12:02:01","modified_gmt":"2023-06-06T12:02:01","slug":"galeri","status":"publish","type":"page","link":"https:\/\/boltac.com.tr\/en\/tr\/galeri\/","title":{"rendered":"Galeri"},"content":{"rendered":"\t\t<div data-elementor-type=\"wp-page\" data-elementor-id=\"5542\" class=\"elementor elementor-5542\" data-elementor-post-type=\"page\">\n\t\t\t\t\t\t<section class=\"elementor-section elementor-top-section elementor-element elementor-element-04b2698 elementor-section-boxed elementor-section-height-default elementor-section-height-default\" data-id=\"04b2698\" data-element_type=\"section\">\n\t\t\t\t\t\t<div class=\"elementor-container elementor-column-gap-default\">\n\t\t\t\t\t<div class=\"elementor-column elementor-col-100 elementor-top-column elementor-element elementor-element-529ab44\" data-id=\"529ab44\" data-element_type=\"column\">\n\t\t\t<div class=\"elementor-widget-wrap elementor-element-populated\">\n\t\t\t\t\t\t<div class=\"elementor-element elementor-element-bf409d8 elementor-widget elementor-widget-gallery\" data-id=\"bf409d8\" data-element_type=\"widget\" data-settings=\"{&quot;lazyload&quot;:&quot;yes&quot;,&quot;gallery_layout&quot;:&quot;grid&quot;,&quot;columns&quot;:4,&quot;columns_tablet&quot;:2,&quot;columns_mobile&quot;:1,&quot;gap&quot;:{&quot;unit&quot;:&quot;px&quot;,&quot;size&quot;:10,&quot;sizes&quot;:[]},&quot;gap_tablet&quot;:{&quot;unit&quot;:&quot;px&quot;,&quot;size&quot;:10,&quot;sizes&quot;:[]},&quot;gap_mobile&quot;:{&quot;unit&quot;:&quot;px&quot;,&quot;size&quot;:10,&quot;sizes&quot;:[]},&quot;link_to&quot;:&quot;file&quot;,&quot;aspect_ratio&quot;:&quot;3:2&quot;,&quot;overlay_background&quot;:&quot;yes&quot;,&quot;content_hover_animation&quot;:&quot;fade-in&quot;}\" data-widget_type=\"gallery.default\">\n\t\t\t\t<div class=\"elementor-widget-container\">\n\t\t\t\t\t<div class=\"elementor-gallery__container\">\n\t\t\t\t\t\t\t<a class=\"e-gallery-item elementor-gallery-item elementor-animated-content\" href=\"https:\/\/boltac.com.tr\/en\/wp-content\/uploads\/2023\/01\/bahce-e1666525637803-1.webp\" data-elementor-open-lightbox=\"yes\" data-elementor-lightbox-slideshow=\"bf409d8\" data-elementor-lightbox-title=\"bahce-e1666525637803.webp\" data-e-action-hash=\"#elementor-action%3Aaction%3Dlightbox%26settings%3DeyJpZCI6NTg3OCwidXJsIjoiaHR0cHM6XC9cL2JvbHRhYy5jb20udHJcL2VuXC93cC1jb250ZW50XC91cGxvYWRzXC8yMDIzXC8wMVwvYmFoY2UtZTE2NjY1MjU2Mzc4MDMtMS53ZWJwIiwic2xpZGVzaG93IjoiYmY0MDlkOCJ9\">\n\t\t\t\t\t<div class=\"e-gallery-image elementor-gallery-item__image\" data-thumbnail=\"https:\/\/boltac.com.tr\/en\/wp-content\/uploads\/2023\/01\/bahce-e1666525637803-1-500x281.webp\" data-width=\"500\" data-height=\"281\" aria-label=\"\" role=\"img\" ><\/div>\n\t\t\t\t\t\t\t\t\t\t\t<div class=\"elementor-gallery-item__overlay\"><\/div>\n\t\t\t\t\t\t\t\t\t\t\t\t\t\t<\/a>\n\t\t\t\t\t\t\t<a class=\"e-gallery-item elementor-gallery-item elementor-animated-content\" href=\"https:\/\/boltac.com.tr\/en\/wp-content\/uploads\/2023\/01\/2023-01-23_14-38-11.png\" data-elementor-open-lightbox=\"yes\" data-elementor-lightbox-slideshow=\"bf409d8\" data-elementor-lightbox-title=\"2023-01-23_14-38-11\" data-e-action-hash=\"#elementor-action%3Aaction%3Dlightbox%26settings%3DeyJpZCI6NTY4MCwidXJsIjoiaHR0cHM6XC9cL2JvbHRhYy5jb20udHJcL2VuXC93cC1jb250ZW50XC91cGxvYWRzXC8yMDIzXC8wMVwvMjAyMy0wMS0yM18xNC0zOC0xMS5wbmciLCJzbGlkZXNob3ciOiJiZjQwOWQ4In0%3D\">\n\t\t\t\t\t<div class=\"e-gallery-image elementor-gallery-item__image\" data-thumbnail=\"https:\/\/boltac.com.tr\/en\/wp-content\/uploads\/2023\/01\/2023-01-23_14-38-11-500x281.png\" data-width=\"500\" data-height=\"281\" aria-label=\"\" role=\"img\" ><\/div>\n\t\t\t\t\t\t\t\t\t\t\t<div class=\"elementor-gallery-item__overlay\"><\/div>\n\t\t\t\t\t\t\t\t\t\t\t\t\t\t<\/a>\n\t\t\t\t\t\t\t<a class=\"e-gallery-item elementor-gallery-item elementor-animated-content\" href=\"https:\/\/boltac.com.tr\/en\/wp-content\/uploads\/2023\/01\/1-5.png\" data-elementor-open-lightbox=\"yes\" data-elementor-lightbox-slideshow=\"bf409d8\" data-elementor-lightbox-title=\"1\" data-e-action-hash=\"#elementor-action%3Aaction%3Dlightbox%26settings%3DeyJpZCI6NTU2MCwidXJsIjoiaHR0cHM6XC9cL2JvbHRhYy5jb20udHJcL2VuXC93cC1jb250ZW50XC91cGxvYWRzXC8yMDIzXC8wMVwvMS01LnBuZyIsInNsaWRlc2hvdyI6ImJmNDA5ZDgifQ%3D%3D\">\n\t\t\t\t\t<div class=\"e-gallery-image elementor-gallery-item__image\" data-thumbnail=\"https:\/\/boltac.com.tr\/en\/wp-content\/uploads\/2023\/01\/1-5-281x281.png\" data-width=\"281\" data-height=\"281\" aria-label=\"\" role=\"img\" ><\/div>\n\t\t\t\t\t\t\t\t\t\t\t<div class=\"elementor-gallery-item__overlay\"><\/div>\n\t\t\t\t\t\t\t\t\t\t\t\t\t\t<\/a>\n\t\t\t\t\t\t\t<a class=\"e-gallery-item elementor-gallery-item elementor-animated-content\" href=\"https:\/\/boltac.com.tr\/en\/wp-content\/uploads\/2023\/01\/1-4.png\" data-elementor-open-lightbox=\"yes\" data-elementor-lightbox-slideshow=\"bf409d8\" data-elementor-lightbox-title=\"2\" data-e-action-hash=\"#elementor-action%3Aaction%3Dlightbox%26settings%3DeyJpZCI6NTU1OSwidXJsIjoiaHR0cHM6XC9cL2JvbHRhYy5jb20udHJcL2VuXC93cC1jb250ZW50XC91cGxvYWRzXC8yMDIzXC8wMVwvMS00LnBuZyIsInNsaWRlc2hvdyI6ImJmNDA5ZDgifQ%3D%3D\">\n\t\t\t\t\t<div class=\"e-gallery-image elementor-gallery-item__image\" data-thumbnail=\"https:\/\/boltac.com.tr\/en\/wp-content\/uploads\/2023\/01\/1-4-280x281.png\" data-width=\"280\" data-height=\"281\" aria-label=\"\" role=\"img\" ><\/div>\n\t\t\t\t\t\t\t\t\t\t\t<div class=\"elementor-gallery-item__overlay\"><\/div>\n\t\t\t\t\t\t\t\t\t\t\t\t\t\t<\/a>\n\t\t\t\t\t\t\t<a class=\"e-gallery-item elementor-gallery-item elementor-animated-content\" href=\"https:\/\/boltac.com.tr\/en\/wp-content\/uploads\/2023\/01\/1-3.png\" data-elementor-open-lightbox=\"yes\" data-elementor-lightbox-slideshow=\"bf409d8\" data-elementor-lightbox-title=\"3\" data-e-action-hash=\"#elementor-action%3Aaction%3Dlightbox%26settings%3DeyJpZCI6NTU1OCwidXJsIjoiaHR0cHM6XC9cL2JvbHRhYy5jb20udHJcL2VuXC93cC1jb250ZW50XC91cGxvYWRzXC8yMDIzXC8wMVwvMS0zLnBuZyIsInNsaWRlc2hvdyI6ImJmNDA5ZDgifQ%3D%3D\">\n\t\t\t\t\t<div class=\"e-gallery-image elementor-gallery-item__image\" data-thumbnail=\"https:\/\/boltac.com.tr\/en\/wp-content\/uploads\/2023\/01\/1-3-281x281.png\" data-width=\"281\" data-height=\"281\" aria-label=\"\" role=\"img\" ><\/div>\n\t\t\t\t\t\t\t\t\t\t\t<div class=\"elementor-gallery-item__overlay\"><\/div>\n\t\t\t\t\t\t\t\t\t\t\t\t\t\t<\/a>\n\t\t\t\t\t\t\t<a class=\"e-gallery-item elementor-gallery-item elementor-animated-content\" href=\"https:\/\/boltac.com.tr\/en\/wp-content\/uploads\/2023\/01\/1-2.png\" data-elementor-open-lightbox=\"yes\" data-elementor-lightbox-slideshow=\"bf409d8\" data-elementor-lightbox-title=\"4\" data-e-action-hash=\"#elementor-action%3Aaction%3Dlightbox%26settings%3DeyJpZCI6NTU1NywidXJsIjoiaHR0cHM6XC9cL2JvbHRhYy5jb20udHJcL2VuXC93cC1jb250ZW50XC91cGxvYWRzXC8yMDIzXC8wMVwvMS0yLnBuZyIsInNsaWRlc2hvdyI6ImJmNDA5ZDgifQ%3D%3D\">\n\t\t\t\t\t<div class=\"e-gallery-image elementor-gallery-item__image\" data-thumbnail=\"https:\/\/boltac.com.tr\/en\/wp-content\/uploads\/2023\/01\/1-2-281x281.png\" data-width=\"281\" data-height=\"281\" aria-label=\"\" role=\"img\" ><\/div>\n\t\t\t\t\t\t\t\t\t\t\t<div class=\"elementor-gallery-item__overlay\"><\/div>\n\t\t\t\t\t\t\t\t\t\t\t\t\t\t<\/a>\n\t\t\t\t\t\t\t<a class=\"e-gallery-item elementor-gallery-item elementor-animated-content\" href=\"https:\/\/boltac.com.tr\/en\/wp-content\/uploads\/2023\/01\/1-1.png\" data-elementor-open-lightbox=\"yes\" data-elementor-lightbox-slideshow=\"bf409d8\" data-elementor-lightbox-title=\"5\" data-e-action-hash=\"#elementor-action%3Aaction%3Dlightbox%26settings%3DeyJpZCI6NTU1NiwidXJsIjoiaHR0cHM6XC9cL2JvbHRhYy5jb20udHJcL2VuXC93cC1jb250ZW50XC91cGxvYWRzXC8yMDIzXC8wMVwvMS0xLnBuZyIsInNsaWRlc2hvdyI6ImJmNDA5ZDgifQ%3D%3D\">\n\t\t\t\t\t<div class=\"e-gallery-image elementor-gallery-item__image\" data-thumbnail=\"https:\/\/boltac.com.tr\/en\/wp-content\/uploads\/2023\/01\/1-1-302x281.png\" data-width=\"302\" data-height=\"281\" aria-label=\"\" role=\"img\" ><\/div>\n\t\t\t\t\t\t\t\t\t\t\t<div class=\"elementor-gallery-item__overlay\"><\/div>\n\t\t\t\t\t\t\t\t\t\t\t\t\t\t<\/a>\n\t\t\t\t\t\t\t<a class=\"e-gallery-item elementor-gallery-item elementor-animated-content\" href=\"https:\/\/boltac.com.tr\/en\/wp-content\/uploads\/2023\/01\/1-16.png\" data-elementor-open-lightbox=\"yes\" data-elementor-lightbox-slideshow=\"bf409d8\" data-elementor-lightbox-title=\"6\" data-e-action-hash=\"#elementor-action%3Aaction%3Dlightbox%26settings%3DeyJpZCI6NTU1NSwidXJsIjoiaHR0cHM6XC9cL2JvbHRhYy5jb20udHJcL2VuXC93cC1jb250ZW50XC91cGxvYWRzXC8yMDIzXC8wMVwvMS0xNi5wbmciLCJzbGlkZXNob3ciOiJiZjQwOWQ4In0%3D\">\n\t\t\t\t\t<div class=\"e-gallery-image elementor-gallery-item__image\" data-thumbnail=\"https:\/\/boltac.com.tr\/en\/wp-content\/uploads\/2023\/01\/1-16-230x281.png\" data-width=\"230\" data-height=\"281\" aria-label=\"\" role=\"img\" ><\/div>\n\t\t\t\t\t\t\t\t\t\t\t<div class=\"elementor-gallery-item__overlay\"><\/div>\n\t\t\t\t\t\t\t\t\t\t\t\t\t\t<\/a>\n\t\t\t\t\t\t\t<a class=\"e-gallery-item elementor-gallery-item elementor-animated-content\" href=\"https:\/\/boltac.com.tr\/en\/wp-content\/uploads\/2023\/01\/1-15.png\" data-elementor-open-lightbox=\"yes\" data-elementor-lightbox-slideshow=\"bf409d8\" data-elementor-lightbox-title=\"7\" data-e-action-hash=\"#elementor-action%3Aaction%3Dlightbox%26settings%3DeyJpZCI6NTU1NCwidXJsIjoiaHR0cHM6XC9cL2JvbHRhYy5jb20udHJcL2VuXC93cC1jb250ZW50XC91cGxvYWRzXC8yMDIzXC8wMVwvMS0xNS5wbmciLCJzbGlkZXNob3ciOiJiZjQwOWQ4In0%3D\">\n\t\t\t\t\t<div class=\"e-gallery-image elementor-gallery-item__image\" data-thumbnail=\"https:\/\/boltac.com.tr\/en\/wp-content\/uploads\/2023\/01\/1-15-263x281.png\" data-width=\"263\" data-height=\"281\" aria-label=\"\" role=\"img\" ><\/div>\n\t\t\t\t\t\t\t\t\t\t\t<div class=\"elementor-gallery-item__overlay\"><\/div>\n\t\t\t\t\t\t\t\t\t\t\t\t\t\t<\/a>\n\t\t\t\t\t\t\t<a class=\"e-gallery-item elementor-gallery-item elementor-animated-content\" href=\"https:\/\/boltac.com.tr\/en\/wp-content\/uploads\/2023\/01\/1-12.png\" data-elementor-open-lightbox=\"yes\" data-elementor-lightbox-slideshow=\"bf409d8\" data-elementor-lightbox-title=\"10\" data-e-action-hash=\"#elementor-action%3Aaction%3Dlightbox%26settings%3DeyJpZCI6NTU1MCwidXJsIjoiaHR0cHM6XC9cL2JvbHRhYy5jb20udHJcL2VuXC93cC1jb250ZW50XC91cGxvYWRzXC8yMDIzXC8wMVwvMS0xMi5wbmciLCJzbGlkZXNob3ciOiJiZjQwOWQ4In0%3D\">\n\t\t\t\t\t<div class=\"e-gallery-image elementor-gallery-item__image\" data-thumbnail=\"https:\/\/boltac.com.tr\/en\/wp-content\/uploads\/2023\/01\/1-12-373x281.png\" data-width=\"373\" data-height=\"281\" aria-label=\"\" role=\"img\" ><\/div>\n\t\t\t\t\t\t\t\t\t\t\t<div class=\"elementor-gallery-item__overlay\"><\/div>\n\t\t\t\t\t\t\t\t\t\t\t\t\t\t<\/a>\n\t\t\t\t\t\t\t<a class=\"e-gallery-item elementor-gallery-item elementor-animated-content\" href=\"https:\/\/boltac.com.tr\/en\/wp-content\/uploads\/2023\/01\/1-11.png\" data-elementor-open-lightbox=\"yes\" data-elementor-lightbox-slideshow=\"bf409d8\" data-elementor-lightbox-title=\"11\" data-e-action-hash=\"#elementor-action%3Aaction%3Dlightbox%26settings%3DeyJpZCI6NTU0OSwidXJsIjoiaHR0cHM6XC9cL2JvbHRhYy5jb20udHJcL2VuXC93cC1jb250ZW50XC91cGxvYWRzXC8yMDIzXC8wMVwvMS0xMS5wbmciLCJzbGlkZXNob3ciOiJiZjQwOWQ4In0%3D\">\n\t\t\t\t\t<div class=\"e-gallery-image elementor-gallery-item__image\" data-thumbnail=\"https:\/\/boltac.com.tr\/en\/wp-content\/uploads\/2023\/01\/1-11-373x281.png\" data-width=\"373\" data-height=\"281\" aria-label=\"\" role=\"img\" ><\/div>\n\t\t\t\t\t\t\t\t\t\t\t<div class=\"elementor-gallery-item__overlay\"><\/div>\n\t\t\t\t\t\t\t\t\t\t\t\t\t\t<\/a>\n\t\t\t\t\t\t\t<a class=\"e-gallery-item elementor-gallery-item elementor-animated-content\" href=\"https:\/\/boltac.com.tr\/en\/wp-content\/uploads\/2023\/01\/1-10.png\" data-elementor-open-lightbox=\"yes\" data-elementor-lightbox-slideshow=\"bf409d8\" data-elementor-lightbox-title=\"12\" data-e-action-hash=\"#elementor-action%3Aaction%3Dlightbox%26settings%3DeyJpZCI6NTU0OCwidXJsIjoiaHR0cHM6XC9cL2JvbHRhYy5jb20udHJcL2VuXC93cC1jb250ZW50XC91cGxvYWRzXC8yMDIzXC8wMVwvMS0xMC5wbmciLCJzbGlkZXNob3ciOiJiZjQwOWQ4In0%3D\">\n\t\t\t\t\t<div class=\"e-gallery-image elementor-gallery-item__image\" data-thumbnail=\"https:\/\/boltac.com.tr\/en\/wp-content\/uploads\/2023\/01\/1-10-374x281.png\" data-width=\"374\" data-height=\"281\" aria-label=\"\" role=\"img\" ><\/div>\n\t\t\t\t\t\t\t\t\t\t\t<div class=\"elementor-gallery-item__overlay\"><\/div>\n\t\t\t\t\t\t\t\t\t\t\t\t\t\t<\/a>\n\t\t\t\t\t\t\t<a class=\"e-gallery-item elementor-gallery-item elementor-animated-content\" href=\"https:\/\/boltac.com.tr\/en\/wp-content\/uploads\/2023\/01\/1-9.png\" data-elementor-open-lightbox=\"yes\" data-elementor-lightbox-slideshow=\"bf409d8\" data-elementor-lightbox-title=\"13\" data-e-action-hash=\"#elementor-action%3Aaction%3Dlightbox%26settings%3DeyJpZCI6NTU0NywidXJsIjoiaHR0cHM6XC9cL2JvbHRhYy5jb20udHJcL2VuXC93cC1jb250ZW50XC91cGxvYWRzXC8yMDIzXC8wMVwvMS05LnBuZyIsInNsaWRlc2hvdyI6ImJmNDA5ZDgifQ%3D%3D\">\n\t\t\t\t\t<div class=\"e-gallery-image elementor-gallery-item__image\" data-thumbnail=\"https:\/\/boltac.com.tr\/en\/wp-content\/uploads\/2023\/01\/1-9-374x281.png\" data-width=\"374\" data-height=\"281\" aria-label=\"\" role=\"img\" ><\/div>\n\t\t\t\t\t\t\t\t\t\t\t<div class=\"elementor-gallery-item__overlay\"><\/div>\n\t\t\t\t\t\t\t\t\t\t\t\t\t\t<\/a>\n\t\t\t\t\t\t\t<a class=\"e-gallery-item elementor-gallery-item elementor-animated-content\" href=\"https:\/\/boltac.com.tr\/en\/wp-content\/uploads\/2023\/01\/1-8.png\" data-elementor-open-lightbox=\"yes\" data-elementor-lightbox-slideshow=\"bf409d8\" data-elementor-lightbox-title=\"14\" data-e-action-hash=\"#elementor-action%3Aaction%3Dlightbox%26settings%3DeyJpZCI6NTU0NiwidXJsIjoiaHR0cHM6XC9cL2JvbHRhYy5jb20udHJcL2VuXC93cC1jb250ZW50XC91cGxvYWRzXC8yMDIzXC8wMVwvMS04LnBuZyIsInNsaWRlc2hvdyI6ImJmNDA5ZDgifQ%3D%3D\">\n\t\t\t\t\t<div class=\"e-gallery-image elementor-gallery-item__image\" data-thumbnail=\"https:\/\/boltac.com.tr\/en\/wp-content\/uploads\/2023\/01\/1-8-375x281.png\" data-width=\"375\" data-height=\"281\" aria-label=\"\" role=\"img\" ><\/div>\n\t\t\t\t\t\t\t\t\t\t\t<div class=\"elementor-gallery-item__overlay\"><\/div>\n\t\t\t\t\t\t\t\t\t\t\t\t\t\t<\/a>\n\t\t\t\t\t\t\t<a class=\"e-gallery-item elementor-gallery-item elementor-animated-content\" href=\"https:\/\/boltac.com.tr\/en\/wp-content\/uploads\/2023\/01\/1-7.png\" data-elementor-open-lightbox=\"yes\" data-elementor-lightbox-slideshow=\"bf409d8\" data-elementor-lightbox-title=\"15\" data-e-action-hash=\"#elementor-action%3Aaction%3Dlightbox%26settings%3DeyJpZCI6NTU0NSwidXJsIjoiaHR0cHM6XC9cL2JvbHRhYy5jb20udHJcL2VuXC93cC1jb250ZW50XC91cGxvYWRzXC8yMDIzXC8wMVwvMS03LnBuZyIsInNsaWRlc2hvdyI6ImJmNDA5ZDgifQ%3D%3D\">\n\t\t\t\t\t<div class=\"e-gallery-image elementor-gallery-item__image\" data-thumbnail=\"https:\/\/boltac.com.tr\/en\/wp-content\/uploads\/2023\/01\/1-7-281x281.png\" data-width=\"281\" data-height=\"281\" aria-label=\"\" role=\"img\" ><\/div>\n\t\t\t\t\t\t\t\t\t\t\t<div class=\"elementor-gallery-item__overlay\"><\/div>\n\t\t\t\t\t\t\t\t\t\t\t\t\t\t<\/a>\n\t\t\t\t\t\t\t<a class=\"e-gallery-item elementor-gallery-item elementor-animated-content\" href=\"https:\/\/boltac.com.tr\/en\/wp-content\/uploads\/2023\/01\/1-6.png\" data-elementor-open-lightbox=\"yes\" data-elementor-lightbox-slideshow=\"bf409d8\" data-elementor-lightbox-title=\"16\" data-e-action-hash=\"#elementor-action%3Aaction%3Dlightbox%26settings%3DeyJpZCI6NTU0NCwidXJsIjoiaHR0cHM6XC9cL2JvbHRhYy5jb20udHJcL2VuXC93cC1jb250ZW50XC91cGxvYWRzXC8yMDIzXC8wMVwvMS02LnBuZyIsInNsaWRlc2hvdyI6ImJmNDA5ZDgifQ%3D%3D\">\n\t\t\t\t\t<div class=\"e-gallery-image elementor-gallery-item__image\" data-thumbnail=\"https:\/\/boltac.com.tr\/en\/wp-content\/uploads\/2023\/01\/1-6-281x281.png\" data-width=\"281\" data-height=\"281\" aria-label=\"\" role=\"img\" ><\/div>\n\t\t\t\t\t\t\t\t\t\t\t<div class=\"elementor-gallery-item__overlay\"><\/div>\n\t\t\t\t\t\t\t\t\t\t\t\t\t\t<\/a>\n\t\t\t\t\t\t\t<a class=\"e-gallery-item elementor-gallery-item elementor-animated-content\" href=\"https:\/\/boltac.com.tr\/en\/wp-content\/uploads\/2023\/01\/technician-examining-olive-oil.jpg\" data-elementor-open-lightbox=\"yes\" data-elementor-lightbox-slideshow=\"bf409d8\" data-elementor-lightbox-title=\"Technician examining olive oil\" data-elementor-lightbox-description=\"Technician examining olive oil\" data-e-action-hash=\"#elementor-action%3Aaction%3Dlightbox%26settings%3DeyJpZCI6NTUxNiwidXJsIjoiaHR0cHM6XC9cL2JvbHRhYy5jb20udHJcL2VuXC93cC1jb250ZW50XC91cGxvYWRzXC8yMDIzXC8wMVwvdGVjaG5pY2lhbi1leGFtaW5pbmctb2xpdmUtb2lsLmpwZyIsInNsaWRlc2hvdyI6ImJmNDA5ZDgifQ%3D%3D\">\n\t\t\t\t\t<div class=\"e-gallery-image elementor-gallery-item__image\" data-thumbnail=\"https:\/\/boltac.com.tr\/en\/wp-content\/uploads\/2023\/01\/technician-examining-olive-oil-422x281.jpg\" data-width=\"422\" data-height=\"281\" aria-label=\"Technician examining olive oil\" role=\"img\" ><\/div>\n\t\t\t\t\t\t\t\t\t\t\t<div class=\"elementor-gallery-item__overlay\"><\/div>\n\t\t\t\t\t\t\t\t\t\t\t\t\t\t<\/a>\n\t\t\t\t\t\t\t<a class=\"e-gallery-item elementor-gallery-item elementor-animated-content\" href=\"https:\/\/boltac.com.tr\/en\/wp-content\/uploads\/2023\/01\/384625.jpg\" data-elementor-open-lightbox=\"yes\" data-elementor-lightbox-slideshow=\"bf409d8\" data-elementor-lightbox-title=\"384625\" data-e-action-hash=\"#elementor-action%3Aaction%3Dlightbox%26settings%3DeyJpZCI6NTQ3NywidXJsIjoiaHR0cHM6XC9cL2JvbHRhYy5jb20udHJcL2VuXC93cC1jb250ZW50XC91cGxvYWRzXC8yMDIzXC8wMVwvMzg0NjI1LmpwZyIsInNsaWRlc2hvdyI6ImJmNDA5ZDgifQ%3D%3D\">\n\t\t\t\t\t<div class=\"e-gallery-image elementor-gallery-item__image\" data-thumbnail=\"https:\/\/boltac.com.tr\/en\/wp-content\/uploads\/2023\/01\/384625-425x281.jpg\" data-width=\"425\" data-height=\"281\" aria-label=\"\" role=\"img\" ><\/div>\n\t\t\t\t\t\t\t\t\t\t\t<div class=\"elementor-gallery-item__overlay\"><\/div>\n\t\t\t\t\t\t\t\t\t\t\t\t\t\t<\/a>\n\t\t\t\t\t\t\t<a class=\"e-gallery-item elementor-gallery-item elementor-animated-content\" href=\"https:\/\/boltac.com.tr\/en\/wp-content\/uploads\/2023\/01\/yesil-zeytin-yag.jpg\" data-elementor-open-lightbox=\"yes\" data-elementor-lightbox-slideshow=\"bf409d8\" data-elementor-lightbox-title=\"yesil-zeytin-yag\" data-e-action-hash=\"#elementor-action%3Aaction%3Dlightbox%26settings%3DeyJpZCI6NTQ2NSwidXJsIjoiaHR0cHM6XC9cL2JvbHRhYy5jb20udHJcL2VuXC93cC1jb250ZW50XC91cGxvYWRzXC8yMDIzXC8wMVwveWVzaWwtemV5dGluLXlhZy5qcGciLCJzbGlkZXNob3ciOiJiZjQwOWQ4In0%3D\">\n\t\t\t\t\t<div class=\"e-gallery-image elementor-gallery-item__image\" data-thumbnail=\"https:\/\/boltac.com.tr\/en\/wp-content\/uploads\/2023\/01\/yesil-zeytin-yag-500x281.jpg\" data-width=\"500\" data-height=\"281\" aria-label=\"\" role=\"img\" ><\/div>\n\t\t\t\t\t\t\t\t\t\t\t<div class=\"elementor-gallery-item__overlay\"><\/div>\n\t\t\t\t\t\t\t\t\t\t\t\t\t\t<\/a>\n\t\t\t\t\t\t\t<a class=\"e-gallery-item elementor-gallery-item elementor-animated-content\" href=\"https:\/\/boltac.com.tr\/en\/wp-content\/uploads\/2023\/01\/WhatsApp-Image-2020-05-02-at-12_24_32_jp.jpg\" data-elementor-open-lightbox=\"yes\" data-elementor-lightbox-slideshow=\"bf409d8\" data-elementor-lightbox-title=\"Tarsus Yery\u00fcz\u00fc Pazar\u0131\" data-e-action-hash=\"#elementor-action%3Aaction%3Dlightbox%26settings%3DeyJpZCI6NTQyOSwidXJsIjoiaHR0cHM6XC9cL2JvbHRhYy5jb20udHJcL2VuXC93cC1jb250ZW50XC91cGxvYWRzXC8yMDIzXC8wMVwvV2hhdHNBcHAtSW1hZ2UtMjAyMC0wNS0wMi1hdC0xMl8yNF8zMl9qcC5qcGciLCJzbGlkZXNob3ciOiJiZjQwOWQ4In0%3D\">\n\t\t\t\t\t<div class=\"e-gallery-image elementor-gallery-item__image\" data-thumbnail=\"https:\/\/boltac.com.tr\/en\/wp-content\/uploads\/2023\/01\/WhatsApp-Image-2020-05-02-at-12_24_32_jp-281x281.jpg\" data-width=\"281\" data-height=\"281\" aria-label=\"\" role=\"img\" ><\/div>\n\t\t\t\t\t\t\t\t\t\t\t<div class=\"elementor-gallery-item__overlay\"><\/div>\n\t\t\t\t\t\t\t\t\t\t\t\t\t\t<\/a>\n\t\t\t\t\t<\/div>\n\t\t\t<\/div>\n\t\t\t\t<\/div>\n\t\t\t\t\t<\/div>\n\t\t<\/div>\n\t\t\t\t\t<\/div>\n\t\t<\/section>\n\t\t\t\t<\/div>\n\t\t","protected":false},"excerpt":{"rendered":"","protected":false},"author":2,"featured_media":0,"parent":0,"menu_order":0,"comment_status":"closed","ping_status":"closed","template":"elementor_header_footer","meta":{"_joinchat":[],"footnotes":""},"class_list":["post-5542","page","type-page","status-publish","hentry"],"_links":{"self":[{"href":"https:\/\/boltac.com.tr\/en\/wp-json\/wp\/v2\/pages\/5542","targetHints":{"allow":["GET"]}}],"collection":[{"href":"https:\/\/boltac.com.tr\/en\/wp-json\/wp\/v2\/pages"}],"about":[{"href":"https:\/\/boltac.com.tr\/en\/wp-json\/wp\/v2\/types\/page"}],"author":[{"embeddable":true,"href":"https:\/\/boltac.com.tr\/en\/wp-json\/wp\/v2\/users\/2"}],"replies":[{"embeddable":true,"href":"https:\/\/boltac.com.tr\/en\/wp-json\/wp\/v2\/comments?post=5542"}],"version-history":[{"count":0,"href":"https:\/\/boltac.com.tr\/en\/wp-json\/wp\/v2\/pages\/5542\/revisions"}],"wp:attachment":[{"href":"https:\/\/boltac.com.tr\/en\/wp-json\/wp\/v2\/media?parent=5542"}],"curies":[{"name":"wp","href":"https:\/\/api.w.org\/{rel}","templated":true}]}}