{"id":5946,"date":"2023-06-06T11:32:02","date_gmt":"2023-06-06T11:32:02","guid":{"rendered":"https:\/\/boltac.com.tr\/?page_id=5946"},"modified":"2023-12-05T13:43:30","modified_gmt":"2023-12-05T10:43:30","slug":"odullerimiz","status":"publish","type":"page","link":"https:\/\/boltac.com.tr\/en\/tr\/odullerimiz\/","title":{"rendered":"\u00d6d\u00fcllerimiz"},"content":{"rendered":"\t\t<div data-elementor-type=\"wp-page\" data-elementor-id=\"5946\" class=\"elementor elementor-5946\" data-elementor-post-type=\"page\">\n\t\t\t\t\t\t<section class=\"elementor-section elementor-top-section elementor-element elementor-element-3987443 elementor-section-boxed elementor-section-height-default elementor-section-height-default\" data-id=\"3987443\" data-element_type=\"section\">\n\t\t\t\t\t\t<div class=\"elementor-container elementor-column-gap-default\">\n\t\t\t\t\t<div class=\"elementor-column elementor-col-100 elementor-top-column elementor-element elementor-element-74a3f71\" data-id=\"74a3f71\" data-element_type=\"column\">\n\t\t\t<div class=\"elementor-widget-wrap elementor-element-populated\">\n\t\t\t\t\t\t<div class=\"elementor-element elementor-element-42affed elementor-widget elementor-widget-heading\" data-id=\"42affed\" data-element_type=\"widget\" data-widget_type=\"heading.default\">\n\t\t\t\t<div class=\"elementor-widget-container\">\n\t\t\t<h2 class=\"elementor-heading-title elementor-size-default\">\u00d6d\u00fcller<\/h2>\t\t<\/div>\n\t\t\t\t<\/div>\n\t\t\t\t<section class=\"elementor-section elementor-inner-section elementor-element elementor-element-669c438 elementor-section-boxed elementor-section-height-default elementor-section-height-default\" data-id=\"669c438\" data-element_type=\"section\">\n\t\t\t\t\t\t<div class=\"elementor-container elementor-column-gap-default\">\n\t\t\t\t\t<div class=\"elementor-column elementor-col-50 elementor-inner-column elementor-element elementor-element-cbf76e6\" data-id=\"cbf76e6\" data-element_type=\"column\">\n\t\t\t<div class=\"elementor-widget-wrap elementor-element-populated\">\n\t\t\t\t\t\t<div class=\"elementor-element elementor-element-c7492ad elementor-position-top elementor-widget elementor-widget-image-box\" data-id=\"c7492ad\" data-element_type=\"widget\" data-widget_type=\"image-box.default\">\n\t\t\t\t<div class=\"elementor-widget-container\">\n\t\t\t<div class=\"elementor-image-box-wrapper\"><figure class=\"elementor-image-box-img\"><a href=\"#elementor-action%3Aaction%3Dlightbox%26settings%3DeyJ1cmwiOiJodHRwczpcL1wvYm9sdGFjLmNvbS50clwvZW5cL3dwLWNvbnRlbnRcL3VwbG9hZHNcLzIwMjNcLzA2XC9ib2x0YWMtYmVybGluLWdvb2EtYnJvbnplLWF3YXJkLnBuZyIsInR5cGUiOiJpbWFnZSIsInRpdGxlIjoiYm9sdGFjLWJlcmxpbi1nb29hLWJyb256ZS1hd2FyZCJ9\" tabindex=\"-1\"><img decoding=\"async\" src=\"https:\/\/boltac.com.tr\/en\/wp-content\/uploads\/elementor\/thumbs\/boltac-oduller-q7k1o787aiieu1wn62auj45tgozmthq4euo9q41s00.png\" title=\"boltac-oduller\" alt=\"boltac-oduller\" loading=\"lazy\" \/><\/a><\/figure><div class=\"elementor-image-box-content\"><h3 class=\"elementor-image-box-title\"><a href=\"#elementor-action%3Aaction%3Dlightbox%26settings%3DeyJ1cmwiOiJodHRwczpcL1wvYm9sdGFjLmNvbS50clwvZW5cL3dwLWNvbnRlbnRcL3VwbG9hZHNcLzIwMjNcLzA2XC9ib2x0YWMtYmVybGluLWdvb2EtYnJvbnplLWF3YXJkLnBuZyIsInR5cGUiOiJpbWFnZSIsInRpdGxlIjoiYm9sdGFjLWJlcmxpbi1nb29hLWJyb256ZS1hd2FyZCJ9\">BERLIN GOAA<\/a><\/h3><p class=\"elementor-image-box-description\">Berlin Global Olive Oil Awards Gold Award 2023<\/p><\/div><\/div>\t\t<\/div>\n\t\t\t\t<\/div>\n\t\t\t\t\t<\/div>\n\t\t<\/div>\n\t\t\t\t<div class=\"elementor-column elementor-col-50 elementor-inner-column elementor-element elementor-element-39fcda6\" data-id=\"39fcda6\" data-element_type=\"column\">\n\t\t\t<div class=\"elementor-widget-wrap elementor-element-populated\">\n\t\t\t\t\t\t<div class=\"elementor-element elementor-element-6549273 elementor-position-top elementor-widget elementor-widget-image-box\" data-id=\"6549273\" data-element_type=\"widget\" data-widget_type=\"image-box.default\">\n\t\t\t\t<div class=\"elementor-widget-container\">\n\t\t\t<div class=\"elementor-image-box-wrapper\"><figure class=\"elementor-image-box-img\"><a href=\"#elementor-action%3Aaction%3Dlightbox%26settings%3DeyJ1cmwiOiJodHRwczpcL1wvYm9sdGFjLmNvbS50clwvZW5cL3dwLWNvbnRlbnRcL3VwbG9hZHNcLzIwMjNcLzA2XC9ib2x0YWMtemV5dGluLWRvc3R1LWFsdGluLW1hZGFseWEtYmVsZ2UucG5nIiwidHlwZSI6ImltYWdlIiwidGl0bGUiOiJib2x0YWMtemV5dGluLWRvc3R1LWFsdGluLW1hZGFseWEtYmVsZ2UifQ%3D%3D\" tabindex=\"-1\"><img decoding=\"async\" src=\"https:\/\/boltac.com.tr\/en\/wp-content\/uploads\/elementor\/thumbs\/zeytin-dostu-altin-madalya-1-q7k9ct6ehd63f045ymohabb2opm5yxuhrxy7vhx0xs.png\" title=\"zeytin-dostu-altin-madalya\" alt=\"zeytin-dostu-altin-madalya\" loading=\"lazy\" \/><\/a><\/figure><div class=\"elementor-image-box-content\"><h3 class=\"elementor-image-box-title\"><a href=\"#elementor-action%3Aaction%3Dlightbox%26settings%3DeyJ1cmwiOiJodHRwczpcL1wvYm9sdGFjLmNvbS50clwvZW5cL3dwLWNvbnRlbnRcL3VwbG9hZHNcLzIwMjNcLzA2XC9ib2x0YWMtemV5dGluLWRvc3R1LWFsdGluLW1hZGFseWEtYmVsZ2UucG5nIiwidHlwZSI6ImltYWdlIiwidGl0bGUiOiJib2x0YWMtemV5dGluLWRvc3R1LWFsdGluLW1hZGFseWEtYmVsZ2UifQ%3D%3D\">ZEYT\u0130N DOSTU DERNE\u011e\u0130<\/a><\/h3><p class=\"elementor-image-box-description\">Ulusal Naturel S\u0131zma Zeytinya\u011f\u0131\nKalite Yar\u0131\u015fmas\u0131 2023<\/p><\/div><\/div>\t\t<\/div>\n\t\t\t\t<\/div>\n\t\t\t\t\t<\/div>\n\t\t<\/div>\n\t\t\t\t\t<\/div>\n\t\t<\/section>\n\t\t\t\t<section class=\"elementor-section elementor-inner-section elementor-element elementor-element-70c6894 elementor-section-boxed elementor-section-height-default elementor-section-height-default\" data-id=\"70c6894\" data-element_type=\"section\">\n\t\t\t\t\t\t<div class=\"elementor-container elementor-column-gap-default\">\n\t\t\t\t\t<div class=\"elementor-column elementor-col-100 elementor-inner-column elementor-element elementor-element-ca4156c\" data-id=\"ca4156c\" data-element_type=\"column\">\n\t\t\t<div class=\"elementor-widget-wrap elementor-element-populated\">\n\t\t\t\t\t\t<div class=\"elementor-element elementor-element-fdd6d1f elementor-position-top elementor-widget elementor-widget-image-box\" data-id=\"fdd6d1f\" data-element_type=\"widget\" data-widget_type=\"image-box.default\">\n\t\t\t\t<div class=\"elementor-widget-container\">\n\t\t\t<div class=\"elementor-image-box-wrapper\"><figure class=\"elementor-image-box-img\"><a href=\"#elementor-action%3Aaction%3Dlightbox%26settings%3DeyJ1cmwiOiJodHRwczpcL1wvYm9sdGFjLmNvbS50clwvZW5cL3dwLWNvbnRlbnRcL3VwbG9hZHNcLzIwMjNcLzExXC9XaGF0c0FwcC1JbWFnZS0yMDIzLTExLTI3LWF0LTEwLjA4LjIxLmpwZWciLCJ0eXBlIjoiaW1hZ2UiLCJ0aXRsZSI6IklPQyAtIFVaWksgVFx1MDBmY3JraXllIn0%3D\" tabindex=\"-1\"><img decoding=\"async\" src=\"https:\/\/boltac.com.tr\/en\/wp-content\/uploads\/elementor\/thumbs\/uzzk-qfytd03szv77kha15s61qo1xdoj1nl2jv3pg4v9edc.jpg\" title=\"uzzk\" alt=\"uzzk\" loading=\"lazy\" \/><\/a><\/figure><div class=\"elementor-image-box-content\"><h3 class=\"elementor-image-box-title\"><a href=\"#elementor-action%3Aaction%3Dlightbox%26settings%3DeyJ1cmwiOiJodHRwczpcL1wvYm9sdGFjLmNvbS50clwvZW5cL3dwLWNvbnRlbnRcL3VwbG9hZHNcLzIwMjNcLzExXC9XaGF0c0FwcC1JbWFnZS0yMDIzLTExLTI3LWF0LTEwLjA4LjIxLmpwZWciLCJ0eXBlIjoiaW1hZ2UiLCJ0aXRsZSI6IklPQyAtIFVaWksgVFx1MDBmY3JraXllIn0%3D\">Uluslararas\u0131 Zeytin Konseyi'nin Himayelerinde <br>d\u00fczenlenen<br>ULUSAL ZEYT\u0130N VE ZEYT\u0130NYA\u011eI KONSEY\u0130 <br>KAL\u0130TE YARI\u015eMASI<\/a><\/h3><p class=\"elementor-image-box-description\">IOC - UZZK T\u00fcrkiye Nat\u00fcrel S\u0131zma Zeytinya\u011f\u0131 Kalite Yar\u0131\u015fmas\u0131 2018<\/p><\/div><\/div>\t\t<\/div>\n\t\t\t\t<\/div>\n\t\t\t\t\t<\/div>\n\t\t<\/div>\n\t\t\t\t\t<\/div>\n\t\t<\/section>\n\t\t\t\t\t<\/div>\n\t\t<\/div>\n\t\t\t\t\t<\/div>\n\t\t<\/section>\n\t\t\t\t<\/div>\n\t\t","protected":false},"excerpt":{"rendered":"<p>\u00d6d\u00fcller BERLIN GOAA Berlin Global Olive Oil Awards Gold Award 2023 ZEYT\u0130N DOSTU DERNE\u011e\u0130 Ulusal Naturel S\u0131zma Zeytinya\u011f\u0131 Kalite Yar\u0131\u015fmas\u0131 2023 Uluslararas\u0131 Zeytin Konseyi&#8217;nin Himayelerinde d\u00fczenlenenULUSAL ZEYT\u0130N VE ZEYT\u0130NYA\u011eI KONSEY\u0130 KAL\u0130TE YARI\u015eMASI IOC &#8211; UZZK T\u00fcrkiye Nat\u00fcrel S\u0131zma Zeytinya\u011f\u0131 Kalite Yar\u0131\u015fmas\u0131 2018<\/p>\n","protected":false},"author":1,"featured_media":0,"parent":0,"menu_order":0,"comment_status":"closed","ping_status":"closed","template":"elementor_header_footer","meta":{"_joinchat":[],"footnotes":""},"class_list":["post-5946","page","type-page","status-publish","hentry"],"_links":{"self":[{"href":"https:\/\/boltac.com.tr\/en\/wp-json\/wp\/v2\/pages\/5946","targetHints":{"allow":["GET"]}}],"collection":[{"href":"https:\/\/boltac.com.tr\/en\/wp-json\/wp\/v2\/pages"}],"about":[{"href":"https:\/\/boltac.com.tr\/en\/wp-json\/wp\/v2\/types\/page"}],"author":[{"embeddable":true,"href":"https:\/\/boltac.com.tr\/en\/wp-json\/wp\/v2\/users\/1"}],"replies":[{"embeddable":true,"href":"https:\/\/boltac.com.tr\/en\/wp-json\/wp\/v2\/comments?post=5946"}],"version-history":[{"count":17,"href":"https:\/\/boltac.com.tr\/en\/wp-json\/wp\/v2\/pages\/5946\/revisions"}],"predecessor-version":[{"id":6260,"href":"https:\/\/boltac.com.tr\/en\/wp-json\/wp\/v2\/pages\/5946\/revisions\/6260"}],"wp:attachment":[{"href":"https:\/\/boltac.com.tr\/en\/wp-json\/wp\/v2\/media?parent=5946"}],"curies":[{"name":"wp","href":"https:\/\/api.w.org\/{rel}","templated":true}]}}